{"id":19,"date":"2015-01-08T13:49:30","date_gmt":"2015-01-08T12:49:30","guid":{"rendered":"http:\/\/txp.rosinabrossi.ch\/?page_id=19"},"modified":"2019-02-14T09:40:21","modified_gmt":"2019-02-14T08:40:21","slug":"angebot","status":"publish","type":"page","link":"https:\/\/txp.rosinabrossi.ch\/?page_id=19","title":{"rendered":"Angebot"},"content":{"rendered":"<p>Einzeltherapie f\u00fcr Kinder, Jugendliche und Erwachsene<\/p>\n<p>Paar- und Familiengespr\u00e4che<\/p>\n<p>Supervisionen<\/p>\n<p>Weiterbildungen bei der Gesellschaft f\u00fcr <a href=\"http:\/\/www.pca-acp.ch\" target=\"_blank\">pca.acp<\/a><br \/>\n<P><\/p>\n","protected":false},"excerpt":{"rendered":"<p>Einzeltherapie f\u00fcr Kinder, Jugendliche und Erwachsene Paar- und Familiengespr\u00e4che Supervisionen Weiterbildungen bei der Gesellschaft f\u00fcr pca.acp<\/p>\n","protected":false},"author":1,"featured_media":0,"parent":12,"menu_order":4,"comment_status":"closed","ping_status":"closed","template":"","meta":{"footnotes":""},"class_list":["post-19","page","type-page","status-publish","hentry"],"_links":{"self":[{"href":"https:\/\/txp.rosinabrossi.ch\/index.php?rest_route=\/wp\/v2\/pages\/19","targetHints":{"allow":["GET"]}}],"collection":[{"href":"https:\/\/txp.rosinabrossi.ch\/index.php?rest_route=\/wp\/v2\/pages"}],"about":[{"href":"https:\/\/txp.rosinabrossi.ch\/index.php?rest_route=\/wp\/v2\/types\/page"}],"author":[{"embeddable":true,"href":"https:\/\/txp.rosinabrossi.ch\/index.php?rest_route=\/wp\/v2\/users\/1"}],"replies":[{"embeddable":true,"href":"https:\/\/txp.rosinabrossi.ch\/index.php?rest_route=%2Fwp%2Fv2%2Fcomments&post=19"}],"version-history":[{"count":5,"href":"https:\/\/txp.rosinabrossi.ch\/index.php?rest_route=\/wp\/v2\/pages\/19\/revisions"}],"predecessor-version":[{"id":54,"href":"https:\/\/txp.rosinabrossi.ch\/index.php?rest_route=\/wp\/v2\/pages\/19\/revisions\/54"}],"up":[{"embeddable":true,"href":"https:\/\/txp.rosinabrossi.ch\/index.php?rest_route=\/wp\/v2\/pages\/12"}],"wp:attachment":[{"href":"https:\/\/txp.rosinabrossi.ch\/index.php?rest_route=%2Fwp%2Fv2%2Fmedia&parent=19"}],"curies":[{"name":"wp","href":"https:\/\/api.w.org\/{rel}","templated":true}]}}